{"id":733,"date":"2020-10-23T09:30:47","date_gmt":"2020-10-23T07:30:47","guid":{"rendered":"http:\/\/juhl-as.com.linux361.unoeuro-server.com\/?post_type=product&#038;p=733"},"modified":"2024-01-22T16:06:38","modified_gmt":"2024-01-22T15:06:38","slug":"foils","status":"publish","type":"product","link":"https:\/\/juhl-as.com\/sv\/product\/foils\/","title":{"rendered":"Folier"},"content":{"rendered":"<p><iframe title=\"a day with  peyer\" width=\"800\" height=\"450\" src=\"https:\/\/www.youtube.com\/embed\/WSdGvAybnYY?feature=oembed\" frameborder=\"0\" allow=\"accelerometer; autoplay; clipboard-write; encrypted-media; gyroscope; picture-in-picture; web-share\" allowfullscreen><\/iframe><\/p>\n<p>Med innovativa och h\u00f6gkvalitativa tj\u00e4nster hj\u00e4lper Peyer till att f\u00f6rb\u00e4ttra upplevelsen och \u00f6ka v\u00e4rdet p\u00e5 kundernas produkter. Miljontals konsumenter v\u00e4rlden \u00f6ver anv\u00e4nder Peyers produkter varje dag p\u00e5 f\u00f6rpackningar, flaskor, b\u00f6cker, i sina bilar eller i k\u00f6ksutrustning<\/p>\n<p>&nbsp;<\/p>\n<p>&nbsp;<\/p>","protected":false},"excerpt":{"rendered":"<p>Pr\u00e4glingsteknologi erbjuder funktionalitet, design, skydd och ett v\u00e4rde som ingen annan tryckprocess. Str\u00e4nga krav till\u00e5ter inte n\u00e5gra kompromisser n\u00e4r det g\u00e4ller att v\u00e4lja r\u00e4tt pr\u00e4glingsfolie och verktyg. D\u00e4rf\u00f6r har Peyer alltid skr\u00e4ddarsytt v\u00e5rt sortiment efter behoven inom olika applikationsomr\u00e5den och respektive marknader, vilket alltid ger h\u00f6gsta kvalitet i processen.<\/p>\n<p>R\u00f6r, f\u00f6rslutningar, kosmetika, hush\u00e5llsapparater, verktyg, medicintekniska apparater, tillbeh\u00f6r till bilindustrin, plastprodukter, fodral och elektroniska apparater. De har alla en sak gemensamt, de beh\u00f6ver m\u00e4rkning och design. Peyer \u00e4r van vid individuella och ofta komplexa krav och hj\u00e4lper branschen i de tidiga stadierna av produktplanering. H\u00e4r kr\u00e4vs l\u00f6sningar som inte bara uppfyller estetiska utan \u00e4ven kvalitativa och viktigast av allt priskrav<\/p>\n<p>&nbsp;<\/p>\n<h3>Mer info<\/h3>\n<p><a class=\"button\" href=\"\/wp-content\/uploads\/2020\/10\/foil_collection_tubes_caps_en.pdf\" target=\"_blank\" rel=\"noopener noreferrer\">Tubes &amp; Caps<\/a><\/p>\n<p><a class=\"button\" href=\"\/wp-content\/uploads\/2020\/10\/foil_collection_long_caps_en.pdf\" target=\"_blank\" rel=\"noopener noreferrer\">Long Caps<\/a><\/p>\n<p><a class=\"button\" href=\"\/wp-content\/uploads\/2020\/10\/foil_collection_cosmetic_packaging_en.pdf\" target=\"_blank\" rel=\"noopener noreferrer\">Cosmetic Packaging<\/a><\/p>","protected":false},"featured_media":738,"template":"","meta":[],"product_brand":[],"product_cat":[77],"product_tag":[],"class_list":{"0":"post-733","1":"product","2":"type-product","3":"status-publish","4":"has-post-thumbnail","6":"product_cat-heat-transfer-foils","8":"first","9":"instock","10":"shipping-taxable","11":"product-type-simple"},"yoast_head":"<!-- This site is optimized with the Yoast SEO plugin v27.5 - https:\/\/yoast.com\/product\/yoast-seo-wordpress\/ -->\n<title>Foils - Juhl<\/title>\n<meta name=\"robots\" content=\"index, follow, max-snippet:-1, max-image-preview:large, max-video-preview:-1\" \/>\n<link rel=\"canonical\" href=\"https:\/\/juhl-as.com\/sv\/produkt\/foils\/\" \/>\n<meta property=\"og:locale\" content=\"sv_SE\" \/>\n<meta property=\"og:type\" content=\"article\" \/>\n<meta property=\"og:title\" content=\"Foils - Juhl\" \/>\n<meta property=\"og:description\" content=\"Embossing technology offers functionality, design, protection, and value like no other printing process. Stringent requirements do not allow for any compromises when it comes to choosing the right stamping foil. That\u2019s why Peyer have consistently tailored our range to the needs of its various areas of application and respective markets, always producing excellence in the process.  Tubes, caps, cosmetics, household appliances, tools, medical-technical devices and apparatus, accessories from the automotive industry, plastic products, cases and electronic devices. They all have one thing in common, they need labelling and design. Peyer is used to meeting highly individual and often complex requirements, and supports the industry in the early stages of product planning. Solutions are required here that not only meet aesthetic, but also qualitative and, most importantly, price requirements.  &nbsp; Detailed information: Tubes &amp; Caps  Long Caps  Cosmetic Packaging\" \/>\n<meta property=\"og:url\" content=\"https:\/\/juhl-as.com\/sv\/produkt\/foils\/\" \/>\n<meta property=\"og:site_name\" content=\"Juhl\" \/>\n<meta property=\"article:modified_time\" content=\"2024-01-22T15:06:38+00:00\" \/>\n<meta property=\"og:image\" content=\"https:\/\/juhl-as.com\/wp-content\/uploads\/2020\/10\/Hot_Stamping_Foils-Juhl.jpg\" \/>\n\t<meta property=\"og:image:width\" content=\"800\" \/>\n\t<meta property=\"og:image:height\" content=\"800\" \/>\n\t<meta property=\"og:image:type\" content=\"image\/jpeg\" \/>\n<meta name=\"twitter:card\" content=\"summary_large_image\" \/>\n<script type=\"application\/ld+json\" class=\"yoast-schema-graph\">{\"@context\":\"https:\\\/\\\/schema.org\",\"@graph\":[{\"@type\":\"WebPage\",\"@id\":\"https:\\\/\\\/juhl-as.com\\\/product\\\/foils\\\/\",\"url\":\"https:\\\/\\\/juhl-as.com\\\/product\\\/foils\\\/\",\"name\":\"Foils - Juhl\",\"isPartOf\":{\"@id\":\"https:\\\/\\\/juhl-as.com\\\/#website\"},\"primaryImageOfPage\":{\"@id\":\"https:\\\/\\\/juhl-as.com\\\/product\\\/foils\\\/#primaryimage\"},\"image\":{\"@id\":\"https:\\\/\\\/juhl-as.com\\\/product\\\/foils\\\/#primaryimage\"},\"thumbnailUrl\":\"https:\\\/\\\/juhl-as.com\\\/wp-content\\\/uploads\\\/2020\\\/10\\\/Hot_Stamping_Foils-Juhl.jpg\",\"datePublished\":\"2020-10-23T07:30:47+00:00\",\"dateModified\":\"2024-01-22T15:06:38+00:00\",\"breadcrumb\":{\"@id\":\"https:\\\/\\\/juhl-as.com\\\/product\\\/foils\\\/#breadcrumb\"},\"inLanguage\":\"sv-SE\",\"potentialAction\":[{\"@type\":\"ReadAction\",\"target\":[\"https:\\\/\\\/juhl-as.com\\\/product\\\/foils\\\/\"]}]},{\"@type\":\"ImageObject\",\"inLanguage\":\"sv-SE\",\"@id\":\"https:\\\/\\\/juhl-as.com\\\/product\\\/foils\\\/#primaryimage\",\"url\":\"https:\\\/\\\/juhl-as.com\\\/wp-content\\\/uploads\\\/2020\\\/10\\\/Hot_Stamping_Foils-Juhl.jpg\",\"contentUrl\":\"https:\\\/\\\/juhl-as.com\\\/wp-content\\\/uploads\\\/2020\\\/10\\\/Hot_Stamping_Foils-Juhl.jpg\",\"width\":800,\"height\":800},{\"@type\":\"BreadcrumbList\",\"@id\":\"https:\\\/\\\/juhl-as.com\\\/product\\\/foils\\\/#breadcrumb\",\"itemListElement\":[{\"@type\":\"ListItem\",\"position\":1,\"name\":\"Hjem\",\"item\":\"https:\\\/\\\/juhl-as.com\\\/\"},{\"@type\":\"ListItem\",\"position\":2,\"name\":\"Shop\",\"item\":\"https:\\\/\\\/juhl-as.com\\\/shop\\\/\"},{\"@type\":\"ListItem\",\"position\":3,\"name\":\"Foils\"}]},{\"@type\":\"WebSite\",\"@id\":\"https:\\\/\\\/juhl-as.com\\\/#website\",\"url\":\"https:\\\/\\\/juhl-as.com\\\/\",\"name\":\"Juhl\",\"description\":\"Systems for industrial decoration, marking and identification\",\"publisher\":{\"@id\":\"https:\\\/\\\/juhl-as.com\\\/#organization\"},\"potentialAction\":[{\"@type\":\"SearchAction\",\"target\":{\"@type\":\"EntryPoint\",\"urlTemplate\":\"https:\\\/\\\/juhl-as.com\\\/?s={search_term_string}\"},\"query-input\":{\"@type\":\"PropertyValueSpecification\",\"valueRequired\":true,\"valueName\":\"search_term_string\"}}],\"inLanguage\":\"sv-SE\"},{\"@type\":\"Organization\",\"@id\":\"https:\\\/\\\/juhl-as.com\\\/#organization\",\"name\":\"Juhl\",\"url\":\"https:\\\/\\\/juhl-as.com\\\/\",\"logo\":{\"@type\":\"ImageObject\",\"inLanguage\":\"sv-SE\",\"@id\":\"https:\\\/\\\/juhl-as.com\\\/#\\\/schema\\\/logo\\\/image\\\/\",\"url\":\"https:\\\/\\\/juhl-as.com\\\/wp-content\\\/uploads\\\/2020\\\/09\\\/Juhl-AS-Logo.png\",\"contentUrl\":\"https:\\\/\\\/juhl-as.com\\\/wp-content\\\/uploads\\\/2020\\\/09\\\/Juhl-AS-Logo.png\",\"width\":600,\"height\":129,\"caption\":\"Juhl\"},\"image\":{\"@id\":\"https:\\\/\\\/juhl-as.com\\\/#\\\/schema\\\/logo\\\/image\\\/\"}}]}<\/script>\n<!-- \/ Yoast SEO plugin. -->","yoast_head_json":{"title":"Foils - Juhl","robots":{"index":"index","follow":"follow","max-snippet":"max-snippet:-1","max-image-preview":"max-image-preview:large","max-video-preview":"max-video-preview:-1"},"canonical":"https:\/\/juhl-as.com\/sv\/produkt\/foils\/","og_locale":"sv_SE","og_type":"article","og_title":"Foils - Juhl","og_description":"Embossing technology offers functionality, design, protection, and value like no other printing process. Stringent requirements do not allow for any compromises when it comes to choosing the right stamping foil. That\u2019s why Peyer have consistently tailored our range to the needs of its various areas of application and respective markets, always producing excellence in the process.  Tubes, caps, cosmetics, household appliances, tools, medical-technical devices and apparatus, accessories from the automotive industry, plastic products, cases and electronic devices. They all have one thing in common, they need labelling and design. Peyer is used to meeting highly individual and often complex requirements, and supports the industry in the early stages of product planning. Solutions are required here that not only meet aesthetic, but also qualitative and, most importantly, price requirements.  &nbsp; Detailed information: Tubes &amp; Caps  Long Caps  Cosmetic Packaging","og_url":"https:\/\/juhl-as.com\/sv\/produkt\/foils\/","og_site_name":"Juhl","article_modified_time":"2024-01-22T15:06:38+00:00","og_image":[{"width":800,"height":800,"url":"https:\/\/juhl-as.com\/wp-content\/uploads\/2020\/10\/Hot_Stamping_Foils-Juhl.jpg","type":"image\/jpeg"}],"twitter_card":"summary_large_image","schema":{"@context":"https:\/\/schema.org","@graph":[{"@type":"WebPage","@id":"https:\/\/juhl-as.com\/product\/foils\/","url":"https:\/\/juhl-as.com\/product\/foils\/","name":"Foils - Juhl","isPartOf":{"@id":"https:\/\/juhl-as.com\/#website"},"primaryImageOfPage":{"@id":"https:\/\/juhl-as.com\/product\/foils\/#primaryimage"},"image":{"@id":"https:\/\/juhl-as.com\/product\/foils\/#primaryimage"},"thumbnailUrl":"https:\/\/juhl-as.com\/wp-content\/uploads\/2020\/10\/Hot_Stamping_Foils-Juhl.jpg","datePublished":"2020-10-23T07:30:47+00:00","dateModified":"2024-01-22T15:06:38+00:00","breadcrumb":{"@id":"https:\/\/juhl-as.com\/product\/foils\/#breadcrumb"},"inLanguage":"sv-SE","potentialAction":[{"@type":"ReadAction","target":["https:\/\/juhl-as.com\/product\/foils\/"]}]},{"@type":"ImageObject","inLanguage":"sv-SE","@id":"https:\/\/juhl-as.com\/product\/foils\/#primaryimage","url":"https:\/\/juhl-as.com\/wp-content\/uploads\/2020\/10\/Hot_Stamping_Foils-Juhl.jpg","contentUrl":"https:\/\/juhl-as.com\/wp-content\/uploads\/2020\/10\/Hot_Stamping_Foils-Juhl.jpg","width":800,"height":800},{"@type":"BreadcrumbList","@id":"https:\/\/juhl-as.com\/product\/foils\/#breadcrumb","itemListElement":[{"@type":"ListItem","position":1,"name":"Hjem","item":"https:\/\/juhl-as.com\/"},{"@type":"ListItem","position":2,"name":"Shop","item":"https:\/\/juhl-as.com\/shop\/"},{"@type":"ListItem","position":3,"name":"Foils"}]},{"@type":"WebSite","@id":"https:\/\/juhl-as.com\/#website","url":"https:\/\/juhl-as.com\/","name":"Juhl","description":"Systems for industrial decoration, marking and identification","publisher":{"@id":"https:\/\/juhl-as.com\/#organization"},"potentialAction":[{"@type":"SearchAction","target":{"@type":"EntryPoint","urlTemplate":"https:\/\/juhl-as.com\/?s={search_term_string}"},"query-input":{"@type":"PropertyValueSpecification","valueRequired":true,"valueName":"search_term_string"}}],"inLanguage":"sv-SE"},{"@type":"Organization","@id":"https:\/\/juhl-as.com\/#organization","name":"Juhl","url":"https:\/\/juhl-as.com\/","logo":{"@type":"ImageObject","inLanguage":"sv-SE","@id":"https:\/\/juhl-as.com\/#\/schema\/logo\/image\/","url":"https:\/\/juhl-as.com\/wp-content\/uploads\/2020\/09\/Juhl-AS-Logo.png","contentUrl":"https:\/\/juhl-as.com\/wp-content\/uploads\/2020\/09\/Juhl-AS-Logo.png","width":600,"height":129,"caption":"Juhl"},"image":{"@id":"https:\/\/juhl-as.com\/#\/schema\/logo\/image\/"}}]}},"_links":{"self":[{"href":"https:\/\/juhl-as.com\/sv\/wp-json\/wp\/v2\/product\/733","targetHints":{"allow":["GET"]}}],"collection":[{"href":"https:\/\/juhl-as.com\/sv\/wp-json\/wp\/v2\/product"}],"about":[{"href":"https:\/\/juhl-as.com\/sv\/wp-json\/wp\/v2\/types\/product"}],"wp:featuredmedia":[{"embeddable":true,"href":"https:\/\/juhl-as.com\/sv\/wp-json\/wp\/v2\/media\/738"}],"wp:attachment":[{"href":"https:\/\/juhl-as.com\/sv\/wp-json\/wp\/v2\/media?parent=733"}],"wp:term":[{"taxonomy":"product_brand","embeddable":true,"href":"https:\/\/juhl-as.com\/sv\/wp-json\/wp\/v2\/product_brand?post=733"},{"taxonomy":"product_cat","embeddable":true,"href":"https:\/\/juhl-as.com\/sv\/wp-json\/wp\/v2\/product_cat?post=733"},{"taxonomy":"product_tag","embeddable":true,"href":"https:\/\/juhl-as.com\/sv\/wp-json\/wp\/v2\/product_tag?post=733"}],"curies":[{"name":"wp","href":"https:\/\/api.w.org\/{rel}","templated":true}]}}