{"id":1478,"date":"2020-11-23T11:08:35","date_gmt":"2020-11-23T09:08:35","guid":{"rendered":"http:\/\/juhl-as.com.linux361.unoeuro-server.com\/?post_type=product&#038;p=1478"},"modified":"2021-03-07T08:29:38","modified_gmt":"2021-03-07T06:29:38","slug":"emulsions","status":"publish","type":"product","link":"https:\/\/juhl-as.com\/sv\/product\/emulsions\/","title":{"rendered":"Emulsioner"},"content":{"rendered":"<p>Direktemulsioner ger slitstarka schabloner eftersom b\u00e5de den \u00f6vre och undre ytan p\u00e5 duken \u00e4r belagda. Emulsionen f\u00f6ljer emellertid n\u00e4tet n\u00e4r det krymper under torkning, vilket ger en oj\u00e4mn yta. Filmer ger normalt b\u00e4ttre tryckkvalit\u00e9 \u00e4n emulsioner<\/p>","protected":false},"excerpt":{"rendered":"<p>Chromaline Screen-emulsioner<\/p>\n<p>&nbsp;<\/p>\n<h3>Mer info<\/h3>\n<p><a class=\"button\" href=\"\/wp-content\/uploads\/2020\/11\/Product_Catalog-1.pdf\" target=\"_blank\" rel=\"noopener noreferrer\">Product Catalogue<\/a><\/p>\n<p><a class=\"button\" href=\"\/wp-content\/uploads\/2020\/11\/2020_CPTex_UserGuide_CHRM.pdf\" target=\"_blank\" rel=\"noopener noreferrer\">CP Tex<\/a><\/p>\n<p><a class=\"button\" href=\"\/wp-content\/uploads\/2020\/11\/CTR_UserGuide_CHRM-min.pdf\" target=\"_blank\" rel=\"noopener noreferrer\">CT-R<\/a><\/p>\n<p><a class=\"button\" href=\"\/wp-content\/uploads\/2020\/11\/2018_MagnaCureUDCHV_UsersGuide_CHRML.pdf\" target=\"_blank\" rel=\"noopener noreferrer\">MagnaCure UDC-HV<\/a><\/p>\n<p><a class=\"button\" href=\"\/wp-content\/uploads\/2020\/11\/2018_MagnaCureUDCACE_UserGuide_CHRM.pdf\" target=\"_blank\" rel=\"noopener noreferrer\">MagnaCure UDC-ACE<\/a><\/p>\n<p><a class=\"button\" href=\"\/wp-content\/uploads\/2020\/11\/2018_MagnaCureUDC2_UserGuide_CHRM.pdf\" target=\"_blank\" rel=\"noopener noreferrer\">MagnaCure UDC-2<\/a><\/p>\n<p><a class=\"button\" href=\"\/wp-content\/uploads\/2020\/11\/2019_DTSZ1_UserGuide_CHRM.pdf\" target=\"_blank\" rel=\"noopener noreferrer\">DTS Z-1<\/a><\/p>\n<p><a class=\"button\" href=\"\/wp-content\/uploads\/2020\/11\/2019_DTSUniversal_UserGuide_CHRM.pdf\" target=\"_blank\" rel=\"noopener noreferrer\">DTS Universal<\/a><\/p>\n<p><a class=\"button\" href=\"\/wp-content\/uploads\/2020\/11\/2018_ChromaTechPL_UserGuide_CHRM.pdf\" target=\"_blank\" rel=\"noopener noreferrer\">Chroma\/Tech PL<\/a><\/p>\n<p><a class=\"button\" href=\"\/wp-content\/uploads\/2020\/11\/Alpha-E-20-ENG.pdf\" target=\"_blank\" rel=\"noopener noreferrer\">Alpha E20<\/a><\/p>","protected":false},"featured_media":2822,"template":"","meta":[],"product_brand":[],"product_cat":[111,148],"product_tag":[],"class_list":{"0":"post-1478","1":"product","2":"type-product","3":"status-publish","4":"has-post-thumbnail","6":"product_cat-chromaline","7":"product_cat-chromaline-stencil-consumables-industrial-screen-printing","9":"first","10":"instock","11":"shipping-taxable","12":"product-type-simple"},"yoast_head":"<!-- This site is optimized with the Yoast SEO plugin v27.5 - https:\/\/yoast.com\/product\/yoast-seo-wordpress\/ -->\n<title>Emulsions - Juhl<\/title>\n<meta name=\"robots\" content=\"index, follow, max-snippet:-1, max-image-preview:large, max-video-preview:-1\" \/>\n<link rel=\"canonical\" href=\"https:\/\/juhl-as.com\/sv\/produkt\/emulsions\/\" \/>\n<meta property=\"og:locale\" content=\"sv_SE\" \/>\n<meta property=\"og:type\" content=\"article\" \/>\n<meta property=\"og:title\" content=\"Emulsions - Juhl\" \/>\n<meta property=\"og:description\" content=\"Chromaline Screen Print Emulsions.  &nbsp; Detailed information: Product Catalogue  CP Tex  CT-R  MagnaCure UDC-HV  MagnaCure UDC-ACE  MagnaCure UDC-2  DTS Z-1  DTS Universal  Chroma\/Tech PL  Alpha E20\" \/>\n<meta property=\"og:url\" content=\"https:\/\/juhl-as.com\/sv\/produkt\/emulsions\/\" \/>\n<meta property=\"og:site_name\" content=\"Juhl\" \/>\n<meta property=\"article:modified_time\" content=\"2021-03-07T06:29:38+00:00\" \/>\n<meta property=\"og:image\" content=\"https:\/\/juhl-as.com\/wp-content\/uploads\/2020\/11\/Emulsion1.png\" \/>\n\t<meta property=\"og:image:width\" content=\"524\" \/>\n\t<meta property=\"og:image:height\" content=\"534\" \/>\n\t<meta property=\"og:image:type\" content=\"image\/png\" \/>\n<meta name=\"twitter:card\" content=\"summary_large_image\" \/>\n<script type=\"application\/ld+json\" class=\"yoast-schema-graph\">{\"@context\":\"https:\\\/\\\/schema.org\",\"@graph\":[{\"@type\":\"WebPage\",\"@id\":\"https:\\\/\\\/juhl-as.com\\\/product\\\/emulsions\\\/\",\"url\":\"https:\\\/\\\/juhl-as.com\\\/product\\\/emulsions\\\/\",\"name\":\"Emulsions - Juhl\",\"isPartOf\":{\"@id\":\"https:\\\/\\\/juhl-as.com\\\/#website\"},\"primaryImageOfPage\":{\"@id\":\"https:\\\/\\\/juhl-as.com\\\/product\\\/emulsions\\\/#primaryimage\"},\"image\":{\"@id\":\"https:\\\/\\\/juhl-as.com\\\/product\\\/emulsions\\\/#primaryimage\"},\"thumbnailUrl\":\"https:\\\/\\\/juhl-as.com\\\/wp-content\\\/uploads\\\/2020\\\/11\\\/Emulsion1.png\",\"datePublished\":\"2020-11-23T09:08:35+00:00\",\"dateModified\":\"2021-03-07T06:29:38+00:00\",\"breadcrumb\":{\"@id\":\"https:\\\/\\\/juhl-as.com\\\/product\\\/emulsions\\\/#breadcrumb\"},\"inLanguage\":\"sv-SE\",\"potentialAction\":[{\"@type\":\"ReadAction\",\"target\":[\"https:\\\/\\\/juhl-as.com\\\/product\\\/emulsions\\\/\"]}]},{\"@type\":\"ImageObject\",\"inLanguage\":\"sv-SE\",\"@id\":\"https:\\\/\\\/juhl-as.com\\\/product\\\/emulsions\\\/#primaryimage\",\"url\":\"https:\\\/\\\/juhl-as.com\\\/wp-content\\\/uploads\\\/2020\\\/11\\\/Emulsion1.png\",\"contentUrl\":\"https:\\\/\\\/juhl-as.com\\\/wp-content\\\/uploads\\\/2020\\\/11\\\/Emulsion1.png\",\"width\":524,\"height\":534},{\"@type\":\"BreadcrumbList\",\"@id\":\"https:\\\/\\\/juhl-as.com\\\/product\\\/emulsions\\\/#breadcrumb\",\"itemListElement\":[{\"@type\":\"ListItem\",\"position\":1,\"name\":\"Hjem\",\"item\":\"https:\\\/\\\/juhl-as.com\\\/\"},{\"@type\":\"ListItem\",\"position\":2,\"name\":\"Shop\",\"item\":\"https:\\\/\\\/juhl-as.com\\\/shop\\\/\"},{\"@type\":\"ListItem\",\"position\":3,\"name\":\"Emulsions\"}]},{\"@type\":\"WebSite\",\"@id\":\"https:\\\/\\\/juhl-as.com\\\/#website\",\"url\":\"https:\\\/\\\/juhl-as.com\\\/\",\"name\":\"Juhl\",\"description\":\"Systems for industrial decoration, marking and identification\",\"publisher\":{\"@id\":\"https:\\\/\\\/juhl-as.com\\\/#organization\"},\"potentialAction\":[{\"@type\":\"SearchAction\",\"target\":{\"@type\":\"EntryPoint\",\"urlTemplate\":\"https:\\\/\\\/juhl-as.com\\\/?s={search_term_string}\"},\"query-input\":{\"@type\":\"PropertyValueSpecification\",\"valueRequired\":true,\"valueName\":\"search_term_string\"}}],\"inLanguage\":\"sv-SE\"},{\"@type\":\"Organization\",\"@id\":\"https:\\\/\\\/juhl-as.com\\\/#organization\",\"name\":\"Juhl\",\"url\":\"https:\\\/\\\/juhl-as.com\\\/\",\"logo\":{\"@type\":\"ImageObject\",\"inLanguage\":\"sv-SE\",\"@id\":\"https:\\\/\\\/juhl-as.com\\\/#\\\/schema\\\/logo\\\/image\\\/\",\"url\":\"https:\\\/\\\/juhl-as.com\\\/wp-content\\\/uploads\\\/2020\\\/09\\\/Juhl-AS-Logo.png\",\"contentUrl\":\"https:\\\/\\\/juhl-as.com\\\/wp-content\\\/uploads\\\/2020\\\/09\\\/Juhl-AS-Logo.png\",\"width\":600,\"height\":129,\"caption\":\"Juhl\"},\"image\":{\"@id\":\"https:\\\/\\\/juhl-as.com\\\/#\\\/schema\\\/logo\\\/image\\\/\"}}]}<\/script>\n<!-- \/ Yoast SEO plugin. -->","yoast_head_json":{"title":"Emulsions - Juhl","robots":{"index":"index","follow":"follow","max-snippet":"max-snippet:-1","max-image-preview":"max-image-preview:large","max-video-preview":"max-video-preview:-1"},"canonical":"https:\/\/juhl-as.com\/sv\/produkt\/emulsions\/","og_locale":"sv_SE","og_type":"article","og_title":"Emulsions - Juhl","og_description":"Chromaline Screen Print Emulsions.  &nbsp; Detailed information: Product Catalogue  CP Tex  CT-R  MagnaCure UDC-HV  MagnaCure UDC-ACE  MagnaCure UDC-2  DTS Z-1  DTS Universal  Chroma\/Tech PL  Alpha E20","og_url":"https:\/\/juhl-as.com\/sv\/produkt\/emulsions\/","og_site_name":"Juhl","article_modified_time":"2021-03-07T06:29:38+00:00","og_image":[{"width":524,"height":534,"url":"https:\/\/juhl-as.com\/wp-content\/uploads\/2020\/11\/Emulsion1.png","type":"image\/png"}],"twitter_card":"summary_large_image","schema":{"@context":"https:\/\/schema.org","@graph":[{"@type":"WebPage","@id":"https:\/\/juhl-as.com\/product\/emulsions\/","url":"https:\/\/juhl-as.com\/product\/emulsions\/","name":"Emulsions - Juhl","isPartOf":{"@id":"https:\/\/juhl-as.com\/#website"},"primaryImageOfPage":{"@id":"https:\/\/juhl-as.com\/product\/emulsions\/#primaryimage"},"image":{"@id":"https:\/\/juhl-as.com\/product\/emulsions\/#primaryimage"},"thumbnailUrl":"https:\/\/juhl-as.com\/wp-content\/uploads\/2020\/11\/Emulsion1.png","datePublished":"2020-11-23T09:08:35+00:00","dateModified":"2021-03-07T06:29:38+00:00","breadcrumb":{"@id":"https:\/\/juhl-as.com\/product\/emulsions\/#breadcrumb"},"inLanguage":"sv-SE","potentialAction":[{"@type":"ReadAction","target":["https:\/\/juhl-as.com\/product\/emulsions\/"]}]},{"@type":"ImageObject","inLanguage":"sv-SE","@id":"https:\/\/juhl-as.com\/product\/emulsions\/#primaryimage","url":"https:\/\/juhl-as.com\/wp-content\/uploads\/2020\/11\/Emulsion1.png","contentUrl":"https:\/\/juhl-as.com\/wp-content\/uploads\/2020\/11\/Emulsion1.png","width":524,"height":534},{"@type":"BreadcrumbList","@id":"https:\/\/juhl-as.com\/product\/emulsions\/#breadcrumb","itemListElement":[{"@type":"ListItem","position":1,"name":"Hjem","item":"https:\/\/juhl-as.com\/"},{"@type":"ListItem","position":2,"name":"Shop","item":"https:\/\/juhl-as.com\/shop\/"},{"@type":"ListItem","position":3,"name":"Emulsions"}]},{"@type":"WebSite","@id":"https:\/\/juhl-as.com\/#website","url":"https:\/\/juhl-as.com\/","name":"Juhl","description":"Systems for industrial decoration, marking and identification","publisher":{"@id":"https:\/\/juhl-as.com\/#organization"},"potentialAction":[{"@type":"SearchAction","target":{"@type":"EntryPoint","urlTemplate":"https:\/\/juhl-as.com\/?s={search_term_string}"},"query-input":{"@type":"PropertyValueSpecification","valueRequired":true,"valueName":"search_term_string"}}],"inLanguage":"sv-SE"},{"@type":"Organization","@id":"https:\/\/juhl-as.com\/#organization","name":"Juhl","url":"https:\/\/juhl-as.com\/","logo":{"@type":"ImageObject","inLanguage":"sv-SE","@id":"https:\/\/juhl-as.com\/#\/schema\/logo\/image\/","url":"https:\/\/juhl-as.com\/wp-content\/uploads\/2020\/09\/Juhl-AS-Logo.png","contentUrl":"https:\/\/juhl-as.com\/wp-content\/uploads\/2020\/09\/Juhl-AS-Logo.png","width":600,"height":129,"caption":"Juhl"},"image":{"@id":"https:\/\/juhl-as.com\/#\/schema\/logo\/image\/"}}]}},"_links":{"self":[{"href":"https:\/\/juhl-as.com\/sv\/wp-json\/wp\/v2\/product\/1478","targetHints":{"allow":["GET"]}}],"collection":[{"href":"https:\/\/juhl-as.com\/sv\/wp-json\/wp\/v2\/product"}],"about":[{"href":"https:\/\/juhl-as.com\/sv\/wp-json\/wp\/v2\/types\/product"}],"wp:featuredmedia":[{"embeddable":true,"href":"https:\/\/juhl-as.com\/sv\/wp-json\/wp\/v2\/media\/2822"}],"wp:attachment":[{"href":"https:\/\/juhl-as.com\/sv\/wp-json\/wp\/v2\/media?parent=1478"}],"wp:term":[{"taxonomy":"product_brand","embeddable":true,"href":"https:\/\/juhl-as.com\/sv\/wp-json\/wp\/v2\/product_brand?post=1478"},{"taxonomy":"product_cat","embeddable":true,"href":"https:\/\/juhl-as.com\/sv\/wp-json\/wp\/v2\/product_cat?post=1478"},{"taxonomy":"product_tag","embeddable":true,"href":"https:\/\/juhl-as.com\/sv\/wp-json\/wp\/v2\/product_tag?post=1478"}],"curies":[{"name":"wp","href":"https:\/\/api.w.org\/{rel}","templated":true}]}}