{"id":1469,"date":"2020-11-23T11:00:10","date_gmt":"2020-11-23T09:00:10","guid":{"rendered":"http:\/\/juhl-as.com.linux361.unoeuro-server.com\/?post_type=product&#038;p=1469"},"modified":"2021-03-07T08:28:30","modified_gmt":"2021-03-07T06:28:30","slug":"capillary-films","status":"publish","type":"product","link":"https:\/\/juhl-as.com\/sv\/product\/capillary-films\/","title":{"rendered":"Kapill\u00e4rfilmer"},"content":{"rendered":"<p>Kapill\u00e4rfilmer och indirekta filmer. Med filmer s\u00e4kerst\u00e4ller du j\u00e4mnhet p\u00e5 schablonens undersida. Indirekta filmer har emellertid en begr\u00e4nsad h\u00e5llbarhet eftersom dukens \u00f6vre yta inte \u00e4r belagd. Kapill\u00e4rfilmer \u00e4r mer h\u00e5llbara \u00e4n indirekta filmer eftersom de tr\u00e4nger in och f\u00e4ster djupt in i duken<\/p>","protected":false},"excerpt":{"rendered":"<p>Chromaline Screen Print kapill\u00e4r och indirekta filmer<\/p>\n<p>&nbsp;<\/p>\n<h3>Mer info<\/h3>\n<p><a class=\"button\" href=\"\/wp-content\/uploads\/2020\/11\/Product_Catalog.pdf\" target=\"_blank\" rel=\"noopener noreferrer\">Product Catalogue<\/a><\/p>\n<p><a class=\"button\" href=\"\/wp-content\/uploads\/2020\/11\/2018_Razor_UserGuide_CHRM.pdf\" target=\"_blank\" rel=\"noopener noreferrer\">Razor<\/a><\/p>\n<p><a class=\"button\" href=\"\/wp-content\/uploads\/2020\/11\/2018_Razor8x_UserGuide_CHRM.pdf\" target=\"_blank\" rel=\"noopener noreferrer\">Razor 8X<\/a><\/p>\n<p><a class=\"button\" href=\"\/wp-content\/uploads\/2020\/11\/2018_RazorFusion_UserGuide_CHRM.pdf\" target=\"_blank\" rel=\"noopener noreferrer\">Razor Fusion<\/a><\/p>\n<p><a class=\"button\" href=\"\/wp-content\/uploads\/2020\/11\/ProCap_UserGuide_CHRM-1.pdf\" target=\"_blank\" rel=\"noopener noreferrer\">Pro\/Cap<\/a><\/p>\n<p><a class=\"button\" href=\"\/wp-content\/uploads\/2020\/11\/2018_ProCapTD_UserGuide_CHRM.pdf\" target=\"_blank\" rel=\"noopener noreferrer\">Pro\/Cap TD<\/a><\/p>\n<p><a class=\"button\" href=\"\/wp-content\/uploads\/2020\/11\/2018_SuperPHAT_UserGuide_CHRM.pdf\" target=\"_blank\" rel=\"noopener noreferrer\">SuperPHAT<\/a><\/p>\n<p><a class=\"button\" href=\"\/wp-content\/uploads\/2020\/11\/2018_MagnaCure_UserGuide_CHRM.pdf\" target=\"_blank\" rel=\"noopener noreferrer\">Magna\/Cure<\/a><\/p>","protected":false},"featured_media":2821,"template":"","meta":[],"product_brand":[],"product_cat":[111,148],"product_tag":[],"class_list":{"0":"post-1469","1":"product","2":"type-product","3":"status-publish","4":"has-post-thumbnail","6":"product_cat-chromaline","7":"product_cat-chromaline-stencil-consumables-industrial-screen-printing","9":"first","10":"instock","11":"shipping-taxable","12":"product-type-simple"},"yoast_head":"<!-- This site is optimized with the Yoast SEO plugin v27.5 - https:\/\/yoast.com\/product\/yoast-seo-wordpress\/ -->\n<title>Capillary Films - Juhl<\/title>\n<meta name=\"robots\" content=\"index, follow, max-snippet:-1, max-image-preview:large, max-video-preview:-1\" \/>\n<link rel=\"canonical\" href=\"https:\/\/juhl-as.com\/sv\/produkt\/capillary-films\/\" \/>\n<meta property=\"og:locale\" content=\"sv_SE\" \/>\n<meta property=\"og:type\" content=\"article\" \/>\n<meta property=\"og:title\" content=\"Capillary Films - Juhl\" \/>\n<meta property=\"og:description\" content=\"Chromaline Screen Print Capillary and indirect films.  &nbsp; Detailed information: Product Catalogue  Razor  Razor 8X  Razor Fusion  Pro\/Cap  Pro\/Cap TD  SuperPHAT  Magna\/Cure\" \/>\n<meta property=\"og:url\" content=\"https:\/\/juhl-as.com\/sv\/produkt\/capillary-films\/\" \/>\n<meta property=\"og:site_name\" content=\"Juhl\" \/>\n<meta property=\"article:modified_time\" content=\"2021-03-07T06:28:30+00:00\" \/>\n<meta property=\"og:image\" content=\"https:\/\/juhl-as.com\/wp-content\/uploads\/2020\/11\/Capfilm.png\" \/>\n\t<meta property=\"og:image:width\" content=\"530\" \/>\n\t<meta property=\"og:image:height\" content=\"555\" \/>\n\t<meta property=\"og:image:type\" content=\"image\/png\" \/>\n<meta name=\"twitter:card\" content=\"summary_large_image\" \/>\n<script type=\"application\/ld+json\" class=\"yoast-schema-graph\">{\"@context\":\"https:\\\/\\\/schema.org\",\"@graph\":[{\"@type\":\"WebPage\",\"@id\":\"https:\\\/\\\/juhl-as.com\\\/product\\\/capillary-films\\\/\",\"url\":\"https:\\\/\\\/juhl-as.com\\\/product\\\/capillary-films\\\/\",\"name\":\"Capillary Films - Juhl\",\"isPartOf\":{\"@id\":\"https:\\\/\\\/juhl-as.com\\\/#website\"},\"primaryImageOfPage\":{\"@id\":\"https:\\\/\\\/juhl-as.com\\\/product\\\/capillary-films\\\/#primaryimage\"},\"image\":{\"@id\":\"https:\\\/\\\/juhl-as.com\\\/product\\\/capillary-films\\\/#primaryimage\"},\"thumbnailUrl\":\"https:\\\/\\\/juhl-as.com\\\/wp-content\\\/uploads\\\/2020\\\/11\\\/Capfilm.png\",\"datePublished\":\"2020-11-23T09:00:10+00:00\",\"dateModified\":\"2021-03-07T06:28:30+00:00\",\"breadcrumb\":{\"@id\":\"https:\\\/\\\/juhl-as.com\\\/product\\\/capillary-films\\\/#breadcrumb\"},\"inLanguage\":\"sv-SE\",\"potentialAction\":[{\"@type\":\"ReadAction\",\"target\":[\"https:\\\/\\\/juhl-as.com\\\/product\\\/capillary-films\\\/\"]}]},{\"@type\":\"ImageObject\",\"inLanguage\":\"sv-SE\",\"@id\":\"https:\\\/\\\/juhl-as.com\\\/product\\\/capillary-films\\\/#primaryimage\",\"url\":\"https:\\\/\\\/juhl-as.com\\\/wp-content\\\/uploads\\\/2020\\\/11\\\/Capfilm.png\",\"contentUrl\":\"https:\\\/\\\/juhl-as.com\\\/wp-content\\\/uploads\\\/2020\\\/11\\\/Capfilm.png\",\"width\":530,\"height\":555},{\"@type\":\"BreadcrumbList\",\"@id\":\"https:\\\/\\\/juhl-as.com\\\/product\\\/capillary-films\\\/#breadcrumb\",\"itemListElement\":[{\"@type\":\"ListItem\",\"position\":1,\"name\":\"Hjem\",\"item\":\"https:\\\/\\\/juhl-as.com\\\/\"},{\"@type\":\"ListItem\",\"position\":2,\"name\":\"Shop\",\"item\":\"https:\\\/\\\/juhl-as.com\\\/shop\\\/\"},{\"@type\":\"ListItem\",\"position\":3,\"name\":\"Capillary Films\"}]},{\"@type\":\"WebSite\",\"@id\":\"https:\\\/\\\/juhl-as.com\\\/#website\",\"url\":\"https:\\\/\\\/juhl-as.com\\\/\",\"name\":\"Juhl\",\"description\":\"Systems for industrial decoration, marking and identification\",\"publisher\":{\"@id\":\"https:\\\/\\\/juhl-as.com\\\/#organization\"},\"potentialAction\":[{\"@type\":\"SearchAction\",\"target\":{\"@type\":\"EntryPoint\",\"urlTemplate\":\"https:\\\/\\\/juhl-as.com\\\/?s={search_term_string}\"},\"query-input\":{\"@type\":\"PropertyValueSpecification\",\"valueRequired\":true,\"valueName\":\"search_term_string\"}}],\"inLanguage\":\"sv-SE\"},{\"@type\":\"Organization\",\"@id\":\"https:\\\/\\\/juhl-as.com\\\/#organization\",\"name\":\"Juhl\",\"url\":\"https:\\\/\\\/juhl-as.com\\\/\",\"logo\":{\"@type\":\"ImageObject\",\"inLanguage\":\"sv-SE\",\"@id\":\"https:\\\/\\\/juhl-as.com\\\/#\\\/schema\\\/logo\\\/image\\\/\",\"url\":\"https:\\\/\\\/juhl-as.com\\\/wp-content\\\/uploads\\\/2020\\\/09\\\/Juhl-AS-Logo.png\",\"contentUrl\":\"https:\\\/\\\/juhl-as.com\\\/wp-content\\\/uploads\\\/2020\\\/09\\\/Juhl-AS-Logo.png\",\"width\":600,\"height\":129,\"caption\":\"Juhl\"},\"image\":{\"@id\":\"https:\\\/\\\/juhl-as.com\\\/#\\\/schema\\\/logo\\\/image\\\/\"}}]}<\/script>\n<!-- \/ Yoast SEO plugin. -->","yoast_head_json":{"title":"Capillary Films - Juhl","robots":{"index":"index","follow":"follow","max-snippet":"max-snippet:-1","max-image-preview":"max-image-preview:large","max-video-preview":"max-video-preview:-1"},"canonical":"https:\/\/juhl-as.com\/sv\/produkt\/capillary-films\/","og_locale":"sv_SE","og_type":"article","og_title":"Capillary Films - Juhl","og_description":"Chromaline Screen Print Capillary and indirect films.  &nbsp; Detailed information: Product Catalogue  Razor  Razor 8X  Razor Fusion  Pro\/Cap  Pro\/Cap TD  SuperPHAT  Magna\/Cure","og_url":"https:\/\/juhl-as.com\/sv\/produkt\/capillary-films\/","og_site_name":"Juhl","article_modified_time":"2021-03-07T06:28:30+00:00","og_image":[{"width":530,"height":555,"url":"https:\/\/juhl-as.com\/wp-content\/uploads\/2020\/11\/Capfilm.png","type":"image\/png"}],"twitter_card":"summary_large_image","schema":{"@context":"https:\/\/schema.org","@graph":[{"@type":"WebPage","@id":"https:\/\/juhl-as.com\/product\/capillary-films\/","url":"https:\/\/juhl-as.com\/product\/capillary-films\/","name":"Capillary Films - Juhl","isPartOf":{"@id":"https:\/\/juhl-as.com\/#website"},"primaryImageOfPage":{"@id":"https:\/\/juhl-as.com\/product\/capillary-films\/#primaryimage"},"image":{"@id":"https:\/\/juhl-as.com\/product\/capillary-films\/#primaryimage"},"thumbnailUrl":"https:\/\/juhl-as.com\/wp-content\/uploads\/2020\/11\/Capfilm.png","datePublished":"2020-11-23T09:00:10+00:00","dateModified":"2021-03-07T06:28:30+00:00","breadcrumb":{"@id":"https:\/\/juhl-as.com\/product\/capillary-films\/#breadcrumb"},"inLanguage":"sv-SE","potentialAction":[{"@type":"ReadAction","target":["https:\/\/juhl-as.com\/product\/capillary-films\/"]}]},{"@type":"ImageObject","inLanguage":"sv-SE","@id":"https:\/\/juhl-as.com\/product\/capillary-films\/#primaryimage","url":"https:\/\/juhl-as.com\/wp-content\/uploads\/2020\/11\/Capfilm.png","contentUrl":"https:\/\/juhl-as.com\/wp-content\/uploads\/2020\/11\/Capfilm.png","width":530,"height":555},{"@type":"BreadcrumbList","@id":"https:\/\/juhl-as.com\/product\/capillary-films\/#breadcrumb","itemListElement":[{"@type":"ListItem","position":1,"name":"Hjem","item":"https:\/\/juhl-as.com\/"},{"@type":"ListItem","position":2,"name":"Shop","item":"https:\/\/juhl-as.com\/shop\/"},{"@type":"ListItem","position":3,"name":"Capillary Films"}]},{"@type":"WebSite","@id":"https:\/\/juhl-as.com\/#website","url":"https:\/\/juhl-as.com\/","name":"Juhl","description":"Systems for industrial decoration, marking and identification","publisher":{"@id":"https:\/\/juhl-as.com\/#organization"},"potentialAction":[{"@type":"SearchAction","target":{"@type":"EntryPoint","urlTemplate":"https:\/\/juhl-as.com\/?s={search_term_string}"},"query-input":{"@type":"PropertyValueSpecification","valueRequired":true,"valueName":"search_term_string"}}],"inLanguage":"sv-SE"},{"@type":"Organization","@id":"https:\/\/juhl-as.com\/#organization","name":"Juhl","url":"https:\/\/juhl-as.com\/","logo":{"@type":"ImageObject","inLanguage":"sv-SE","@id":"https:\/\/juhl-as.com\/#\/schema\/logo\/image\/","url":"https:\/\/juhl-as.com\/wp-content\/uploads\/2020\/09\/Juhl-AS-Logo.png","contentUrl":"https:\/\/juhl-as.com\/wp-content\/uploads\/2020\/09\/Juhl-AS-Logo.png","width":600,"height":129,"caption":"Juhl"},"image":{"@id":"https:\/\/juhl-as.com\/#\/schema\/logo\/image\/"}}]}},"_links":{"self":[{"href":"https:\/\/juhl-as.com\/sv\/wp-json\/wp\/v2\/product\/1469","targetHints":{"allow":["GET"]}}],"collection":[{"href":"https:\/\/juhl-as.com\/sv\/wp-json\/wp\/v2\/product"}],"about":[{"href":"https:\/\/juhl-as.com\/sv\/wp-json\/wp\/v2\/types\/product"}],"wp:featuredmedia":[{"embeddable":true,"href":"https:\/\/juhl-as.com\/sv\/wp-json\/wp\/v2\/media\/2821"}],"wp:attachment":[{"href":"https:\/\/juhl-as.com\/sv\/wp-json\/wp\/v2\/media?parent=1469"}],"wp:term":[{"taxonomy":"product_brand","embeddable":true,"href":"https:\/\/juhl-as.com\/sv\/wp-json\/wp\/v2\/product_brand?post=1469"},{"taxonomy":"product_cat","embeddable":true,"href":"https:\/\/juhl-as.com\/sv\/wp-json\/wp\/v2\/product_cat?post=1469"},{"taxonomy":"product_tag","embeddable":true,"href":"https:\/\/juhl-as.com\/sv\/wp-json\/wp\/v2\/product_tag?post=1469"}],"curies":[{"name":"wp","href":"https:\/\/api.w.org\/{rel}","templated":true}]}}