{"id":1675,"date":"2020-11-23T14:20:05","date_gmt":"2020-11-23T12:20:05","guid":{"rendered":"http:\/\/juhl-as.com.linux361.unoeuro-server.com\/?post_type=product&#038;p=1675"},"modified":"2023-03-20T13:58:47","modified_gmt":"2023-03-20T12:58:47","slug":"epic-additives","status":"publish","type":"product","link":"https:\/\/juhl-as.com\/da\/product\/epic-additives\/","title":{"rendered":"Epic Additives"},"content":{"rendered":"<p>F\u00f8lg venligst retningslinjerne i det tekniske datablad. Forkert eller overdreven brug kan medf\u00f8re nedsatte trykegenskaber for farven samt reduceret brugs- og vaskeholdbarhed for den f\u00e6rdige farvefilm.<\/p>","protected":false},"excerpt":{"rendered":"<p>Here you\u2019ll find different additive to help or improve your printing process.<\/p>\n<p>&nbsp;<\/p>\n<h3>Detaljeret information:<\/h3>\n<p><a class=\"button\" href=\"\/wp-content\/uploads\/2020\/11\/10000PFX_Epic_PF_Extender_Base.pdf\" target=\"_blank\" rel=\"noopener noreferrer\">PFX Epic Extender Base<\/a><\/p>\n<p><a class=\"button\" href=\"\/wp-content\/uploads\/2020\/11\/10000PFXBB_Epic_Brittle_Clear.pdf\" target=\"_blank\" rel=\"noopener noreferrer\">PFX Epic Brittle Clear<\/a><\/p>\n<p><a class=\"button\" href=\"\/wp-content\/uploads\/2020\/11\/10070PFXCR_Epic_Curable_Reducer.pdf\" target=\"_blank\" rel=\"noopener noreferrer\">PFX Epic Curable Reducer<\/a><\/p>\n<p><a class=\"button\" href=\"\/wp-content\/uploads\/2020\/11\/10080FRA_EC_Foil_Resist_Additive.pdf\" target=\"_blank\" rel=\"noopener noreferrer\">FRA EC Foil Resist Additive<\/a><\/p>\n<p><a class=\"button\" href=\"\/wp-content\/uploads\/2020\/11\/10150PFXFNS_Epic_Finesse.pdf\" target=\"_blank\" rel=\"noopener noreferrer\">PFX FNS Epic Finesse<\/a><\/p>\n<p><a class=\"button\" href=\"\/wp-content\/uploads\/2020\/11\/61223PC_Kosmic_Glo_Powder.pdf\" target=\"_blank\" rel=\"noopener noreferrer\">PC Kosmic Glo Powder<\/a><\/p>\n<p><a class=\"button\" href=\"\/wp-content\/uploads\/2020\/11\/14020PFX_Epic_High_Density_Additive.pdf\" target=\"_blank\" rel=\"noopener noreferrer\">PFX Epic High Density Additive<\/a><\/p>\n<p><a class=\"button\" href=\"\/wp-content\/uploads\/2020\/11\/10520PFXFLEX_Epic_Flexipuff_Additive.pdf\" target=\"_blank\" rel=\"noopener noreferrer\">PFX Flex Epic Flexipuff Additive<\/a><\/p>\n<p><a class=\"button\" href=\"\/wp-content\/uploads\/2023\/03\/Avient-Specialty-Inks-Product-Bulletin.pdf\" target=\"_blank\" rel=\"noopener noreferrer\">Special Effects, Modifiers and Additives<\/a><\/p>","protected":false},"featured_media":1684,"template":"","meta":[],"product_brand":[],"product_cat":[93],"product_tag":[],"class_list":{"0":"post-1675","1":"product","2":"type-product","3":"status-publish","4":"has-post-thumbnail","6":"product_cat-inks-consumables-screen-printing","8":"first","9":"instock","10":"shipping-taxable","11":"product-type-simple"},"yoast_head":"<!-- This site is optimized with the Yoast SEO plugin v27.5 - https:\/\/yoast.com\/product\/yoast-seo-wordpress\/ -->\n<title>Epic Additives - Juhl<\/title>\n<meta name=\"robots\" content=\"index, follow, max-snippet:-1, max-image-preview:large, max-video-preview:-1\" \/>\n<link rel=\"canonical\" href=\"https:\/\/juhl-as.com\/da\/vare\/epic-additives\/\" \/>\n<meta property=\"og:locale\" content=\"da_DK\" \/>\n<meta property=\"og:type\" content=\"article\" \/>\n<meta property=\"og:title\" content=\"Epic Additives - Juhl\" \/>\n<meta property=\"og:description\" content=\"Here you\u2019ll find different additive to help or improve your printing process.  &nbsp; Detailed information: PFX Epic Extender Base  PFX Epic Brittle Clear  PFX Epic Curable Reducer  FRA EC Foil Resist Additive  PFX FNS Epic Finesse  PC Kosmic Glo Powder  PFX Epic High Density Additive  PFX Flex Epic Flexipuff Additive  Special Effects, Modifiers and Additives\" \/>\n<meta property=\"og:url\" content=\"https:\/\/juhl-as.com\/da\/vare\/epic-additives\/\" \/>\n<meta property=\"og:site_name\" content=\"Juhl\" \/>\n<meta property=\"article:modified_time\" content=\"2023-03-20T12:58:47+00:00\" \/>\n<meta property=\"og:image\" content=\"https:\/\/juhl-as.com\/wp-content\/uploads\/2020\/11\/Textile_Screen-Printing_Consumables_Juhl_Inks_Epic-Additives.jpg\" \/>\n\t<meta property=\"og:image:width\" content=\"800\" \/>\n\t<meta property=\"og:image:height\" content=\"800\" \/>\n\t<meta property=\"og:image:type\" content=\"image\/jpeg\" \/>\n<meta name=\"twitter:card\" content=\"summary_large_image\" \/>\n<script type=\"application\/ld+json\" class=\"yoast-schema-graph\">{\"@context\":\"https:\\\/\\\/schema.org\",\"@graph\":[{\"@type\":\"WebPage\",\"@id\":\"https:\\\/\\\/juhl-as.com\\\/product\\\/epic-additives\\\/\",\"url\":\"https:\\\/\\\/juhl-as.com\\\/product\\\/epic-additives\\\/\",\"name\":\"Epic Additives - Juhl\",\"isPartOf\":{\"@id\":\"https:\\\/\\\/juhl-as.com\\\/#website\"},\"primaryImageOfPage\":{\"@id\":\"https:\\\/\\\/juhl-as.com\\\/product\\\/epic-additives\\\/#primaryimage\"},\"image\":{\"@id\":\"https:\\\/\\\/juhl-as.com\\\/product\\\/epic-additives\\\/#primaryimage\"},\"thumbnailUrl\":\"https:\\\/\\\/juhl-as.com\\\/wp-content\\\/uploads\\\/2020\\\/11\\\/Textile_Screen-Printing_Consumables_Juhl_Inks_Epic-Additives.jpg\",\"datePublished\":\"2020-11-23T12:20:05+00:00\",\"dateModified\":\"2023-03-20T12:58:47+00:00\",\"breadcrumb\":{\"@id\":\"https:\\\/\\\/juhl-as.com\\\/product\\\/epic-additives\\\/#breadcrumb\"},\"inLanguage\":\"da-DK\",\"potentialAction\":[{\"@type\":\"ReadAction\",\"target\":[\"https:\\\/\\\/juhl-as.com\\\/product\\\/epic-additives\\\/\"]}]},{\"@type\":\"ImageObject\",\"inLanguage\":\"da-DK\",\"@id\":\"https:\\\/\\\/juhl-as.com\\\/product\\\/epic-additives\\\/#primaryimage\",\"url\":\"https:\\\/\\\/juhl-as.com\\\/wp-content\\\/uploads\\\/2020\\\/11\\\/Textile_Screen-Printing_Consumables_Juhl_Inks_Epic-Additives.jpg\",\"contentUrl\":\"https:\\\/\\\/juhl-as.com\\\/wp-content\\\/uploads\\\/2020\\\/11\\\/Textile_Screen-Printing_Consumables_Juhl_Inks_Epic-Additives.jpg\",\"width\":800,\"height\":800},{\"@type\":\"BreadcrumbList\",\"@id\":\"https:\\\/\\\/juhl-as.com\\\/product\\\/epic-additives\\\/#breadcrumb\",\"itemListElement\":[{\"@type\":\"ListItem\",\"position\":1,\"name\":\"Hjem\",\"item\":\"https:\\\/\\\/juhl-as.com\\\/\"},{\"@type\":\"ListItem\",\"position\":2,\"name\":\"Shop\",\"item\":\"https:\\\/\\\/juhl-as.com\\\/shop\\\/\"},{\"@type\":\"ListItem\",\"position\":3,\"name\":\"Epic Additives\"}]},{\"@type\":\"WebSite\",\"@id\":\"https:\\\/\\\/juhl-as.com\\\/#website\",\"url\":\"https:\\\/\\\/juhl-as.com\\\/\",\"name\":\"Juhl\",\"description\":\"Systems for industrial decoration, marking and identification\",\"publisher\":{\"@id\":\"https:\\\/\\\/juhl-as.com\\\/#organization\"},\"potentialAction\":[{\"@type\":\"SearchAction\",\"target\":{\"@type\":\"EntryPoint\",\"urlTemplate\":\"https:\\\/\\\/juhl-as.com\\\/?s={search_term_string}\"},\"query-input\":{\"@type\":\"PropertyValueSpecification\",\"valueRequired\":true,\"valueName\":\"search_term_string\"}}],\"inLanguage\":\"da-DK\"},{\"@type\":\"Organization\",\"@id\":\"https:\\\/\\\/juhl-as.com\\\/#organization\",\"name\":\"Juhl\",\"url\":\"https:\\\/\\\/juhl-as.com\\\/\",\"logo\":{\"@type\":\"ImageObject\",\"inLanguage\":\"da-DK\",\"@id\":\"https:\\\/\\\/juhl-as.com\\\/#\\\/schema\\\/logo\\\/image\\\/\",\"url\":\"https:\\\/\\\/juhl-as.com\\\/wp-content\\\/uploads\\\/2020\\\/09\\\/Juhl-AS-Logo.png\",\"contentUrl\":\"https:\\\/\\\/juhl-as.com\\\/wp-content\\\/uploads\\\/2020\\\/09\\\/Juhl-AS-Logo.png\",\"width\":600,\"height\":129,\"caption\":\"Juhl\"},\"image\":{\"@id\":\"https:\\\/\\\/juhl-as.com\\\/#\\\/schema\\\/logo\\\/image\\\/\"}}]}<\/script>\n<!-- \/ Yoast SEO plugin. -->","yoast_head_json":{"title":"Epic Additives - Juhl","robots":{"index":"index","follow":"follow","max-snippet":"max-snippet:-1","max-image-preview":"max-image-preview:large","max-video-preview":"max-video-preview:-1"},"canonical":"https:\/\/juhl-as.com\/da\/vare\/epic-additives\/","og_locale":"da_DK","og_type":"article","og_title":"Epic Additives - Juhl","og_description":"Here you\u2019ll find different additive to help or improve your printing process.  &nbsp; Detailed information: PFX Epic Extender Base  PFX Epic Brittle Clear  PFX Epic Curable Reducer  FRA EC Foil Resist Additive  PFX FNS Epic Finesse  PC Kosmic Glo Powder  PFX Epic High Density Additive  PFX Flex Epic Flexipuff Additive  Special Effects, Modifiers and Additives","og_url":"https:\/\/juhl-as.com\/da\/vare\/epic-additives\/","og_site_name":"Juhl","article_modified_time":"2023-03-20T12:58:47+00:00","og_image":[{"width":800,"height":800,"url":"https:\/\/juhl-as.com\/wp-content\/uploads\/2020\/11\/Textile_Screen-Printing_Consumables_Juhl_Inks_Epic-Additives.jpg","type":"image\/jpeg"}],"twitter_card":"summary_large_image","schema":{"@context":"https:\/\/schema.org","@graph":[{"@type":"WebPage","@id":"https:\/\/juhl-as.com\/product\/epic-additives\/","url":"https:\/\/juhl-as.com\/product\/epic-additives\/","name":"Epic Additives - Juhl","isPartOf":{"@id":"https:\/\/juhl-as.com\/#website"},"primaryImageOfPage":{"@id":"https:\/\/juhl-as.com\/product\/epic-additives\/#primaryimage"},"image":{"@id":"https:\/\/juhl-as.com\/product\/epic-additives\/#primaryimage"},"thumbnailUrl":"https:\/\/juhl-as.com\/wp-content\/uploads\/2020\/11\/Textile_Screen-Printing_Consumables_Juhl_Inks_Epic-Additives.jpg","datePublished":"2020-11-23T12:20:05+00:00","dateModified":"2023-03-20T12:58:47+00:00","breadcrumb":{"@id":"https:\/\/juhl-as.com\/product\/epic-additives\/#breadcrumb"},"inLanguage":"da-DK","potentialAction":[{"@type":"ReadAction","target":["https:\/\/juhl-as.com\/product\/epic-additives\/"]}]},{"@type":"ImageObject","inLanguage":"da-DK","@id":"https:\/\/juhl-as.com\/product\/epic-additives\/#primaryimage","url":"https:\/\/juhl-as.com\/wp-content\/uploads\/2020\/11\/Textile_Screen-Printing_Consumables_Juhl_Inks_Epic-Additives.jpg","contentUrl":"https:\/\/juhl-as.com\/wp-content\/uploads\/2020\/11\/Textile_Screen-Printing_Consumables_Juhl_Inks_Epic-Additives.jpg","width":800,"height":800},{"@type":"BreadcrumbList","@id":"https:\/\/juhl-as.com\/product\/epic-additives\/#breadcrumb","itemListElement":[{"@type":"ListItem","position":1,"name":"Hjem","item":"https:\/\/juhl-as.com\/"},{"@type":"ListItem","position":2,"name":"Shop","item":"https:\/\/juhl-as.com\/shop\/"},{"@type":"ListItem","position":3,"name":"Epic Additives"}]},{"@type":"WebSite","@id":"https:\/\/juhl-as.com\/#website","url":"https:\/\/juhl-as.com\/","name":"Juhl","description":"Systems for industrial decoration, marking and identification","publisher":{"@id":"https:\/\/juhl-as.com\/#organization"},"potentialAction":[{"@type":"SearchAction","target":{"@type":"EntryPoint","urlTemplate":"https:\/\/juhl-as.com\/?s={search_term_string}"},"query-input":{"@type":"PropertyValueSpecification","valueRequired":true,"valueName":"search_term_string"}}],"inLanguage":"da-DK"},{"@type":"Organization","@id":"https:\/\/juhl-as.com\/#organization","name":"Juhl","url":"https:\/\/juhl-as.com\/","logo":{"@type":"ImageObject","inLanguage":"da-DK","@id":"https:\/\/juhl-as.com\/#\/schema\/logo\/image\/","url":"https:\/\/juhl-as.com\/wp-content\/uploads\/2020\/09\/Juhl-AS-Logo.png","contentUrl":"https:\/\/juhl-as.com\/wp-content\/uploads\/2020\/09\/Juhl-AS-Logo.png","width":600,"height":129,"caption":"Juhl"},"image":{"@id":"https:\/\/juhl-as.com\/#\/schema\/logo\/image\/"}}]}},"_links":{"self":[{"href":"https:\/\/juhl-as.com\/da\/wp-json\/wp\/v2\/product\/1675","targetHints":{"allow":["GET"]}}],"collection":[{"href":"https:\/\/juhl-as.com\/da\/wp-json\/wp\/v2\/product"}],"about":[{"href":"https:\/\/juhl-as.com\/da\/wp-json\/wp\/v2\/types\/product"}],"wp:featuredmedia":[{"embeddable":true,"href":"https:\/\/juhl-as.com\/da\/wp-json\/wp\/v2\/media\/1684"}],"wp:attachment":[{"href":"https:\/\/juhl-as.com\/da\/wp-json\/wp\/v2\/media?parent=1675"}],"wp:term":[{"taxonomy":"product_brand","embeddable":true,"href":"https:\/\/juhl-as.com\/da\/wp-json\/wp\/v2\/product_brand?post=1675"},{"taxonomy":"product_cat","embeddable":true,"href":"https:\/\/juhl-as.com\/da\/wp-json\/wp\/v2\/product_cat?post=1675"},{"taxonomy":"product_tag","embeddable":true,"href":"https:\/\/juhl-as.com\/da\/wp-json\/wp\/v2\/product_tag?post=1675"}],"curies":[{"name":"wp","href":"https:\/\/api.w.org\/{rel}","templated":true}]}}